{"id":11,"date":"2025-07-06T08:56:46","date_gmt":"2025-07-06T08:56:46","guid":{"rendered":"https:\/\/woimaitse.fi\/?page_id=11"},"modified":"2025-07-06T09:19:22","modified_gmt":"2025-07-06T09:19:22","slug":"woimaitse","status":"publish","type":"page","link":"https:\/\/woimaitse.fi\/","title":{"rendered":"Woimaitse"},"content":{"rendered":"\t\t<div data-elementor-type=\"wp-page\" data-elementor-id=\"11\" class=\"elementor elementor-11\">\n\t\t\t\t<div class=\"elementor-element elementor-element-4c9aac6 e-grid e-con-boxed e-con e-parent\" data-id=\"4c9aac6\" data-element_type=\"container\">\n\t\t\t\t\t<div class=\"e-con-inner\">\n\t\t\t\t<div class=\"elementor-element elementor-element-a518092 elementor-widget elementor-widget-text-editor\" data-id=\"a518092\" data-element_type=\"widget\" data-widget_type=\"text-editor.default\">\n\t\t\t\t\t\t\t\t\t<h2 class=\"wp-block-heading has-text-align-left\">Hei<\/h2><p class=\"is-style-text-subtitle is-style-text-subtitle--2\">Olen Vesa Hirvikoski 5kymppinen \u00e4ij\u00e4 pirkanmaalta.<\/p><p>2008 vuodesta asti olen ollut myynniss\u00e4 ja markkinoinnissa mukana ja olen myynnin moniala ammattilainen.Edustan t\u00e4ll\u00e4kin hetkell\u00e4 oman firmani kautta kourallista muita firmoja myyj\u00e4n\u00e4,agenttina ja konsulttina.<\/p>\t\t\t\t\t\t\t\t<\/div>\n\t\t\t\t<div class=\"elementor-element elementor-element-1dcf15d elementor-widget elementor-widget-image\" data-id=\"1dcf15d\" data-element_type=\"widget\" data-widget_type=\"image.default\">\n\t\t\t\t\t\t\t\t\t\t\t\t\t\t\t<img fetchpriority=\"high\" decoding=\"async\" width=\"768\" height=\"1024\" src=\"https:\/\/woimaitse.fi\/wp-content\/uploads\/2025\/07\/vesa-edesta-768x1024.jpeg\" class=\"attachment-large size-large wp-image-13\" alt=\"\" srcset=\"https:\/\/woimaitse.fi\/wp-content\/uploads\/2025\/07\/vesa-edesta-768x1024.jpeg 768w, https:\/\/woimaitse.fi\/wp-content\/uploads\/2025\/07\/vesa-edesta-225x300.jpeg 225w, https:\/\/woimaitse.fi\/wp-content\/uploads\/2025\/07\/vesa-edesta-1152x1536.jpeg 1152w, https:\/\/woimaitse.fi\/wp-content\/uploads\/2025\/07\/vesa-edesta.jpeg 1536w\" sizes=\"(max-width: 768px) 100vw, 768px\" \/>\t\t\t\t\t\t\t\t\t\t\t\t\t\t\t<\/div>\n\t\t\t\t\t<\/div>\n\t\t\t\t<\/div>\n\t\t<div class=\"elementor-element elementor-element-40d99b6 e-flex e-con-boxed e-con e-parent\" data-id=\"40d99b6\" data-element_type=\"container\">\n\t\t\t\t\t<div class=\"e-con-inner\">\n\t\t\t\t<div class=\"elementor-element elementor-element-97e69dd elementor-widget elementor-widget-text-editor\" data-id=\"97e69dd\" data-element_type=\"widget\" data-widget_type=\"text-editor.default\">\n\t\t\t\t\t\t\t\t\t<p>Blokin tarkoituksena on esitell\u00e4 el\u00e4m\u00e4\u00e4ni kaiken keskell\u00e4 ja erilaisia myyntituotteita joista kokemusta ja tietysti hieman vapaa-aikaani urheillessa.<\/p><p>Niin pienin\u00e4 palasina on leip\u00e4ni maailmalla.<\/p>\t\t\t\t\t\t\t\t<\/div>\n\t\t\t\t\t<\/div>\n\t\t\t\t<\/div>\n\t\t<div class=\"elementor-element elementor-element-d26a57d e-flex e-con-boxed e-con e-parent\" data-id=\"d26a57d\" data-element_type=\"container\">\n\t\t\t\t\t<div class=\"e-con-inner\">\n\t\t\t\t<div class=\"elementor-element elementor-element-58e4904 elementor-widget elementor-widget-image\" data-id=\"58e4904\" data-element_type=\"widget\" data-widget_type=\"image.default\">\n\t\t\t\t\t\t\t\t\t\t\t\t<figure class=\"wp-caption\">\n\t\t\t\t\t\t\t\t\t\t<img decoding=\"async\" width=\"768\" height=\"1024\" src=\"https:\/\/woimaitse.fi\/wp-content\/uploads\/2025\/07\/vesa-takaa-768x1024.jpeg\" class=\"attachment-large size-large wp-image-14\" alt=\"\" srcset=\"https:\/\/woimaitse.fi\/wp-content\/uploads\/2025\/07\/vesa-takaa-768x1024.jpeg 768w, https:\/\/woimaitse.fi\/wp-content\/uploads\/2025\/07\/vesa-takaa-225x300.jpeg 225w, https:\/\/woimaitse.fi\/wp-content\/uploads\/2025\/07\/vesa-takaa.jpeg 1152w\" sizes=\"(max-width: 768px) 100vw, 768px\" \/>\t\t\t\t\t\t\t\t\t\t\t<figcaption class=\"widget-image-caption wp-caption-text\">Suomen kes\u00e4.<\/figcaption>\n\t\t\t\t\t\t\t\t\t\t<\/figure>\n\t\t\t\t\t\t\t\t\t<\/div>\n\t\t\t\t\t<\/div>\n\t\t\t\t<\/div>\n\t\t<div class=\"elementor-element elementor-element-9ad8c9e e-flex e-con-boxed e-con e-parent\" data-id=\"9ad8c9e\" data-element_type=\"container\">\n\t\t\t\t\t<div class=\"e-con-inner\">\n\t\t\t\t<div class=\"elementor-element elementor-element-7110911 elementor-widget elementor-widget-text-editor\" data-id=\"7110911\" data-element_type=\"widget\" data-widget_type=\"text-editor.default\">\n\t\t\t\t\t\t\t\t\t\n<div class=\"wpcf7 no-js\" id=\"wpcf7-f5-o1\" lang=\"en-US\" dir=\"ltr\" data-wpcf7-id=\"5\">\n<div class=\"screen-reader-response\"><p role=\"status\" aria-live=\"polite\" aria-atomic=\"true\"><\/p> <ul><\/ul><\/div>\n<form action=\"\/index.php\/wp-json\/wp\/v2\/pages\/11#wpcf7-f5-o1\" method=\"post\" class=\"wpcf7-form init\" aria-label=\"Contact form\" novalidate=\"novalidate\" data-status=\"init\">\n<fieldset class=\"hidden-fields-container\"><input type=\"hidden\" name=\"_wpcf7\" value=\"5\" \/><input type=\"hidden\" name=\"_wpcf7_version\" value=\"6.1\" \/><input type=\"hidden\" name=\"_wpcf7_locale\" value=\"en_US\" \/><input type=\"hidden\" name=\"_wpcf7_unit_tag\" value=\"wpcf7-f5-o1\" \/><input type=\"hidden\" name=\"_wpcf7_container_post\" value=\"0\" \/><input type=\"hidden\" name=\"_wpcf7_posted_data_hash\" value=\"\" \/>\n<\/fieldset>\n<p><label> Nimesi<br \/>\n<span class=\"wpcf7-form-control-wrap\" data-name=\"your-name\"><input size=\"40\" maxlength=\"400\" class=\"wpcf7-form-control wpcf7-text wpcf7-validates-as-required\" autocomplete=\"name\" aria-required=\"true\" aria-invalid=\"false\" value=\"\" type=\"text\" name=\"your-name\" \/><\/span> <\/label>\n<\/p>\n<p><label> S\u00e4hk\u00f6posti<br \/>\n<span class=\"wpcf7-form-control-wrap\" data-name=\"your-email\"><input size=\"40\" maxlength=\"400\" class=\"wpcf7-form-control wpcf7-email wpcf7-validates-as-required wpcf7-text wpcf7-validates-as-email\" autocomplete=\"email\" aria-required=\"true\" aria-invalid=\"false\" value=\"\" type=\"email\" name=\"your-email\" \/><\/span> <\/label>\n<\/p>\n<p><label> Aihe<br \/>\n<span class=\"wpcf7-form-control-wrap\" data-name=\"your-subject\"><input size=\"40\" maxlength=\"400\" class=\"wpcf7-form-control wpcf7-text wpcf7-validates-as-required\" aria-required=\"true\" aria-invalid=\"false\" value=\"\" type=\"text\" name=\"your-subject\" \/><\/span> <\/label>\n<\/p>\n<p><label> Viesti<br \/>\n<span class=\"wpcf7-form-control-wrap\" data-name=\"your-message\"><textarea cols=\"40\" rows=\"10\" maxlength=\"2000\" class=\"wpcf7-form-control wpcf7-textarea\" aria-invalid=\"false\" name=\"your-message\"><\/textarea><\/span> <\/label>\n<\/p>\n<p><input class=\"wpcf7-form-control wpcf7-submit has-spinner\" type=\"submit\" value=\"L\u00e4het\u00e4\" \/>\n<\/p><p style=\"display: none !important;\" class=\"akismet-fields-container\" data-prefix=\"_wpcf7_ak_\"><label>&#916;<textarea name=\"_wpcf7_ak_hp_textarea\" cols=\"45\" rows=\"8\" maxlength=\"100\"><\/textarea><\/label><input type=\"hidden\" id=\"ak_js_1\" name=\"_wpcf7_ak_js\" value=\"239\"\/><script>document.getElementById( \"ak_js_1\" ).setAttribute( \"value\", ( new Date() ).getTime() );<\/script><\/p><div class=\"wpcf7-response-output\" aria-hidden=\"true\"><\/div>\n<\/form>\n<\/div>\n\t\t\t\t\t\t\t\t<\/div>\n\t\t\t\t\t<\/div>\n\t\t\t\t<\/div>\n\t\t\t\t<\/div>\n\t\t","protected":false},"excerpt":{"rendered":"<p>Hei Olen Vesa Hirvikoski 5kymppinen \u00e4ij\u00e4 pirkanmaalta. 2008 vuodesta asti olen ollut myynniss\u00e4 ja markkinoinnissa mukana ja olen myynnin moniala ammattilainen.Edustan t\u00e4ll\u00e4kin hetkell\u00e4 oman firmani kautta kourallista muita firmoja myyj\u00e4n\u00e4,agenttina ja konsulttina. Blokin tarkoituksena on esitell\u00e4 el\u00e4m\u00e4\u00e4ni kaiken keskell\u00e4 ja erilaisia myyntituotteita joista kokemusta ja tietysti hieman vapaa-aikaani urheillessa. Niin pienin\u00e4 palasina on leip\u00e4ni maailmalla. [&hellip;]<\/p>\n","protected":false},"author":1,"featured_media":0,"parent":0,"menu_order":0,"comment_status":"closed","ping_status":"closed","template":"","meta":{"footnotes":""},"class_list":["post-11","page","type-page","status-publish","hentry"],"_links":{"self":[{"href":"https:\/\/woimaitse.fi\/index.php\/wp-json\/wp\/v2\/pages\/11","targetHints":{"allow":["GET"]}}],"collection":[{"href":"https:\/\/woimaitse.fi\/index.php\/wp-json\/wp\/v2\/pages"}],"about":[{"href":"https:\/\/woimaitse.fi\/index.php\/wp-json\/wp\/v2\/types\/page"}],"author":[{"embeddable":true,"href":"https:\/\/woimaitse.fi\/index.php\/wp-json\/wp\/v2\/users\/1"}],"replies":[{"embeddable":true,"href":"https:\/\/woimaitse.fi\/index.php\/wp-json\/wp\/v2\/comments?post=11"}],"version-history":[{"count":7,"href":"https:\/\/woimaitse.fi\/index.php\/wp-json\/wp\/v2\/pages\/11\/revisions"}],"predecessor-version":[{"id":35,"href":"https:\/\/woimaitse.fi\/index.php\/wp-json\/wp\/v2\/pages\/11\/revisions\/35"}],"wp:attachment":[{"href":"https:\/\/woimaitse.fi\/index.php\/wp-json\/wp\/v2\/media?parent=11"}],"curies":[{"name":"wp","href":"https:\/\/api.w.org\/{rel}","templated":true}]}}